{"id":6663,"date":"2022-05-07T12:42:35","date_gmt":"2022-05-07T09:42:35","guid":{"rendered":"https:\/\/sunum.kolay.web.tr\/organik\/?post_type=product&#038;p=6663"},"modified":"2022-05-28T14:27:50","modified_gmt":"2022-05-28T11:27:50","slug":"anzer-bali","status":"publish","type":"product","link":"https:\/\/sunum.kolay.web.tr\/organik\/urun\/anzer-bali\/","title":{"rendered":"Anzer Bal\u0131"},"content":{"rendered":"<p>Rize taze mahs\u00fcl.<\/p>\n<p>Taze, organik, g\u00fcvenilir \u00fcr\u00fcn ilkemiz ile sizlere ula\u015ft\u0131r\u0131yoruz.<\/p>\n","protected":false},"excerpt":{"rendered":"<p>Rize taze mahs\u00fcl.<\/p>\n<p>Taze, organik, g\u00fcvenilir \u00fcr\u00fcn ilkemiz ile sizlere ula\u015ft\u0131r\u0131yoruz.<\/p>\n","protected":false},"featured_media":6551,"comment_status":"open","ping_status":"closed","template":"","meta":[],"product_cat":[59],"product_tag":[],"class_list":{"0":"post-6663","1":"product","2":"type-product","3":"status-publish","4":"has-post-thumbnail","6":"product_cat-genel","8":"first","9":"instock","10":"shipping-taxable","11":"purchasable","12":"product-type-simple"},"_links":{"self":[{"href":"https:\/\/sunum.kolay.web.tr\/organik\/wp-json\/wp\/v2\/product\/6663","targetHints":{"allow":["GET"]}}],"collection":[{"href":"https:\/\/sunum.kolay.web.tr\/organik\/wp-json\/wp\/v2\/product"}],"about":[{"href":"https:\/\/sunum.kolay.web.tr\/organik\/wp-json\/wp\/v2\/types\/product"}],"replies":[{"embeddable":true,"href":"https:\/\/sunum.kolay.web.tr\/organik\/wp-json\/wp\/v2\/comments?post=6663"}],"wp:featuredmedia":[{"embeddable":true,"href":"https:\/\/sunum.kolay.web.tr\/organik\/wp-json\/wp\/v2\/media\/6551"}],"wp:attachment":[{"href":"https:\/\/sunum.kolay.web.tr\/organik\/wp-json\/wp\/v2\/media?parent=6663"}],"wp:term":[{"taxonomy":"product_cat","embeddable":true,"href":"https:\/\/sunum.kolay.web.tr\/organik\/wp-json\/wp\/v2\/product_cat?post=6663"},{"taxonomy":"product_tag","embeddable":true,"href":"https:\/\/sunum.kolay.web.tr\/organik\/wp-json\/wp\/v2\/product_tag?post=6663"}],"curies":[{"name":"wp","href":"https:\/\/api.w.org\/{rel}","templated":true}]}}